{"id":1264,"date":"2023-11-07T17:27:41","date_gmt":"2023-11-07T20:27:41","guid":{"rendered":"https:\/\/soldadoadrianojose.com.br\/?page_id=1264"},"modified":"2024-11-12T20:03:41","modified_gmt":"2024-11-12T23:03:41","slug":"municipios","status":"publish","type":"page","link":"https:\/\/soldadoadrianojose.com.br\/index.php\/municipios\/","title":{"rendered":"MUNIC\u00cdPIOS"},"content":{"rendered":"\t\t<div data-elementor-type=\"wp-page\" data-elementor-id=\"1264\" class=\"elementor elementor-1264\" data-elementor-post-type=\"page\">\n\t\t\t\t<div class=\"elementor-element elementor-element-409c2a1 e-flex e-con-boxed e-con e-parent\" data-id=\"409c2a1\" data-element_type=\"container\" data-e-type=\"container\" data-settings=\"{&quot;background_background&quot;:&quot;classic&quot;}\">\n\t\t\t\t\t<div class=\"e-con-inner\">\n\t\t\t\t<div class=\"elementor-element elementor-element-a7779a4 elementor-widget elementor-widget-spacer\" data-id=\"a7779a4\" data-element_type=\"widget\" data-e-type=\"widget\" data-widget_type=\"spacer.default\">\n\t\t\t\t<div class=\"elementor-widget-container\">\n\t\t\t\t\t\t\t<div class=\"elementor-spacer\">\n\t\t\t<div class=\"elementor-spacer-inner\"><\/div>\n\t\t<\/div>\n\t\t\t\t\t\t<\/div>\n\t\t\t\t<\/div>\n\t\t\t\t<div class=\"elementor-element elementor-element-171a4ef elementor-widget elementor-widget-heading\" data-id=\"171a4ef\" data-element_type=\"widget\" data-e-type=\"widget\" data-widget_type=\"heading.default\">\n\t\t\t\t<div class=\"elementor-widget-container\">\n\t\t\t\t\t<h2 class=\"elementor-heading-title elementor-size-default\">MUNIC\u00cdPIOS DE ATUA\u00c7\u00c3O DO DEPUTADO<\/h2>\t\t\t\t<\/div>\n\t\t\t\t<\/div>\n\t\t\t\t\t<\/div>\n\t\t\t\t<\/div>\n\t\t<div class=\"elementor-element elementor-element-4d4c68d e-flex e-con-boxed e-con e-parent\" data-id=\"4d4c68d\" data-element_type=\"container\" data-e-type=\"container\" data-settings=\"{&quot;background_background&quot;:&quot;classic&quot;}\">\n\t\t\t\t\t<div class=\"e-con-inner\">\n\t\t<div class=\"elementor-element elementor-element-2a6bec2 e-con-full e-flex e-con e-child\" data-id=\"2a6bec2\" data-element_type=\"container\" data-e-type=\"container\">\n\t\t\t\t<div class=\"elementor-element elementor-element-5c3d6e2 elementor-widget elementor-widget-image\" data-id=\"5c3d6e2\" data-element_type=\"widget\" data-e-type=\"widget\" data-widget_type=\"image.default\">\n\t\t\t\t<div class=\"elementor-widget-container\">\n\t\t\t\t\t\t\t\t\t\t\t\t\t\t\t<img fetchpriority=\"high\" decoding=\"async\" width=\"800\" height=\"600\" src=\"https:\/\/soldadoadrianojose.com.br\/wp-content\/uploads\/2023\/11\/200milhoes-1024x768.png\" class=\"attachment-large size-large wp-image-1349\" alt=\"\" srcset=\"https:\/\/soldadoadrianojose.com.br\/wp-content\/uploads\/2023\/11\/200milhoes-1024x768.png 1024w, https:\/\/soldadoadrianojose.com.br\/wp-content\/uploads\/2023\/11\/200milhoes-300x225.png 300w, https:\/\/soldadoadrianojose.com.br\/wp-content\/uploads\/2023\/11\/200milhoes-768x576.png 768w, https:\/\/soldadoadrianojose.com.br\/wp-content\/uploads\/2023\/11\/200milhoes-1536x1152.png 1536w, https:\/\/soldadoadrianojose.com.br\/wp-content\/uploads\/2023\/11\/200milhoes.png 1890w\" sizes=\"(max-width: 800px) 100vw, 800px\" \/>\t\t\t\t\t\t\t\t\t\t\t\t\t\t\t<\/div>\n\t\t\t\t<\/div>\n\t\t\t\t<\/div>\n\t\t<div class=\"elementor-element elementor-element-978a3de e-con-full e-flex e-con e-child\" data-id=\"978a3de\" data-element_type=\"container\" data-e-type=\"container\">\n\t\t\t\t<div class=\"elementor-element elementor-element-910368b elementor-widget elementor-widget-spacer\" data-id=\"910368b\" data-element_type=\"widget\" data-e-type=\"widget\" data-widget_type=\"spacer.default\">\n\t\t\t\t<div class=\"elementor-widget-container\">\n\t\t\t\t\t\t\t<div class=\"elementor-spacer\">\n\t\t\t<div class=\"elementor-spacer-inner\"><\/div>\n\t\t<\/div>\n\t\t\t\t\t\t<\/div>\n\t\t\t\t<\/div>\n\t\t\t\t<div class=\"elementor-element elementor-element-7bb6274 elementor-widget elementor-widget-image\" data-id=\"7bb6274\" data-element_type=\"widget\" data-e-type=\"widget\" data-widget_type=\"image.default\">\n\t\t\t\t<div class=\"elementor-widget-container\">\n\t\t\t\t\t\t\t\t\t\t\t\t\t\t\t<img decoding=\"async\" width=\"612\" height=\"520\" src=\"https:\/\/soldadoadrianojose.com.br\/wp-content\/uploads\/2023\/11\/Deputado-das-Cidades.png\" class=\"attachment-large size-large wp-image-1372\" alt=\"\" srcset=\"https:\/\/soldadoadrianojose.com.br\/wp-content\/uploads\/2023\/11\/Deputado-das-Cidades.png 612w, https:\/\/soldadoadrianojose.com.br\/wp-content\/uploads\/2023\/11\/Deputado-das-Cidades-300x255.png 300w\" sizes=\"(max-width: 612px) 100vw, 612px\" \/>\t\t\t\t\t\t\t\t\t\t\t\t\t\t\t<\/div>\n\t\t\t\t<\/div>\n\t\t\t\t<\/div>\n\t\t\t\t\t<\/div>\n\t\t\t\t<\/div>\n\t\t<div class=\"elementor-element elementor-element-a9c22cd e-flex e-con-boxed e-con e-parent\" data-id=\"a9c22cd\" data-element_type=\"container\" data-e-type=\"container\">\n\t\t\t\t\t<div class=\"e-con-inner\">\n\t\t<div class=\"elementor-element elementor-element-6b861cb e-con-full e-flex e-con e-child\" data-id=\"6b861cb\" data-element_type=\"container\" data-e-type=\"container\">\n\t\t\t\t<div class=\"elementor-element elementor-element-03fc2f9 elementor-widget elementor-widget-text-editor\" data-id=\"03fc2f9\" data-element_type=\"widget\" data-e-type=\"widget\" data-widget_type=\"text-editor.default\">\n\t\t\t\t<div class=\"elementor-widget-container\">\n\t\t\t\t\t\t\t\t\t<p><strong>\u00c2ngulo<\/strong><br \/><strong>Almirante Tamandar\u00e9<\/strong><br \/><strong>Alto Paraiso<\/strong><br \/><strong>Alto Paran\u00e1<\/strong><br \/><strong>Alto Piquiri<\/strong><br \/><strong>Alt\u00f4nia<\/strong><br \/><strong>Apucarana<\/strong><br \/><strong>Arapongas<\/strong><br \/><strong>Araruna<\/strong><br \/><strong>Astorga<\/strong><br \/><strong>Atalaia<\/strong><br \/><strong>Barbosa Ferraz<\/strong><br \/><strong>Boa Esperan\u00e7a<\/strong><br \/><strong>Bom Sucesso<\/strong><br \/><strong>Borrazopolis<\/strong><br \/><strong>Brasil\u00e2ndia do Sul<\/strong><br \/><strong>Cafeara<\/strong><br \/><strong>Cafezal do Sul<\/strong><br \/><strong>California<\/strong><br \/><strong>Cambira<\/strong><br \/><strong>Campo Mour\u00e3o<\/strong><br \/><strong>Cascavel<\/strong><br \/><strong>Catanduvas<\/strong><br \/><strong>Centenario do Sul<\/strong><br \/><strong>Cianorte<\/strong><br \/><strong>Clevel\u00e2ndia<\/strong><br \/><strong>Colombo<\/strong><br \/><strong>Colorado<\/strong><br \/><strong>Corumbata\u00ed do Sul<\/strong><br \/><strong>Cruzeiro do Oeste<\/strong><br \/><strong>Curi\u00fava<\/strong><br \/><strong>Diamante do Norte<\/strong><br \/><strong>Douradina<\/strong><br \/><strong>Doutor Camargo<\/strong><br \/><strong>Engenheiro Beltr\u00e3o<\/strong><br \/><strong>Faxinal<\/strong><br \/><strong>F\u00eanix<\/strong><br \/><strong>Florai<\/strong><br \/><strong>Floresta<\/strong><br \/><strong>Fl\u00f3rida<\/strong><br \/><strong>Formosa do Oeste<\/strong><br \/><strong>Francisco Alves<\/strong><\/p>\t\t\t\t\t\t\t\t<\/div>\n\t\t\t\t<\/div>\n\t\t\t\t<\/div>\n\t\t<div class=\"elementor-element elementor-element-b20372e e-con-full e-flex e-con e-child\" data-id=\"b20372e\" data-element_type=\"container\" data-e-type=\"container\">\n\t\t\t\t<div class=\"elementor-element elementor-element-5f6c742 elementor-widget elementor-widget-text-editor\" data-id=\"5f6c742\" data-element_type=\"widget\" data-e-type=\"widget\" data-widget_type=\"text-editor.default\">\n\t\t\t\t<div class=\"elementor-widget-container\">\n\t\t\t\t\t\t\t\t\t<p><strong>Goioer\u00ea<\/strong><br \/><strong>Guaira<\/strong><br \/><strong>Guaira\u00e7\u00e1<\/strong><br \/><strong>Guaraci<\/strong><br \/><strong>Guarapuava<\/strong><br \/><strong>Guaratuba<\/strong><br \/><strong>Hon\u00f3rio Serpa<\/strong><br \/><strong>Ibipor\u00e3<\/strong><br \/><strong>Icaraima<\/strong><br \/><strong>Iguara\u00e7\u00fa<\/strong><br \/><strong>Inaj\u00e1<\/strong><br \/><strong>Indian\u00f3polis<\/strong><br \/><strong>Ipor\u00e3<\/strong><br \/><strong>Iretama<\/strong><br \/><strong>Itaguaj\u00e9<\/strong><br \/><strong>Itamb\u00e9<\/strong><br \/><strong>Ita\u00fana do Sul<\/strong><br \/><strong>Ivatuba<\/strong><br \/><strong>Jaguapit\u00e3<\/strong><br \/><strong>Jandaia do Sul<\/strong><br \/><strong>Jani\u00f3polis<\/strong><br \/><strong>Japur\u00e1<\/strong><br \/><strong>Jardim Olinda<\/strong><br \/><strong>Jataizinho<\/strong><br \/><strong>Jussara<\/strong><br \/><strong>Kalor\u00e9<\/strong><br \/><strong>Loanda<\/strong><br \/><strong>Lobato<\/strong><br \/><strong>Londrina<\/strong><br \/><strong>Luiziana<\/strong><br \/><strong>Lupion\u00f3polis<\/strong><br \/><strong>Mambor\u00ea<\/strong><br \/><strong>Mandaguari<\/strong><br \/><strong>Mandagua\u00e7u<\/strong><br \/><strong>Marialva<\/strong><br \/><strong>Marilena<\/strong><br \/><strong>Maring\u00e1<\/strong><br \/><strong>Marip\u00e1<\/strong><br \/><strong>Mirador<\/strong><br \/><strong>Munhoz de Mello<\/strong><br \/><strong>Nossa Senhora das Gra\u00e7as<\/strong><br \/><strong>Nova Cantu<\/strong><br \/><strong>Nova Esperan\u00e7a<\/strong><br \/><strong>Nova Londrina<\/strong><\/p>\t\t\t\t\t\t\t\t<\/div>\n\t\t\t\t<\/div>\n\t\t\t\t<\/div>\n\t\t<div class=\"elementor-element elementor-element-cdf8402 e-con-full e-flex e-con e-child\" data-id=\"cdf8402\" data-element_type=\"container\" data-e-type=\"container\">\n\t\t\t\t<div class=\"elementor-element elementor-element-bb3a1d6 elementor-widget elementor-widget-text-editor\" data-id=\"bb3a1d6\" data-element_type=\"widget\" data-e-type=\"widget\" data-widget_type=\"text-editor.default\">\n\t\t\t\t<div class=\"elementor-widget-container\">\n\t\t\t\t\t\t\t\t\t<p><strong>Novo Itacolomi<\/strong><br \/><strong>Ourizona<\/strong><br \/><strong>Pai\u00e7andu<\/strong><br \/><strong>Palotina<\/strong><br \/><strong>Paraiso do Norte<\/strong><br \/><strong>Paranacity<\/strong><br \/><strong>Paranagu\u00e1<\/strong><br \/><strong>Paranavai<\/strong><br \/><strong>Peabiru<\/strong><br \/><strong>P\u00e9rola<\/strong><br \/><strong>Piraquara<\/strong><br \/><strong>Pitanga<\/strong><br \/><strong>Pitangueiras<\/strong><br \/><strong>Planaltina do Paran\u00e1<\/strong><br \/><strong>Pontal do Paran\u00e1<\/strong><br \/><strong>Porecatu<\/strong><br \/><strong>Porto Rico<\/strong><br \/><strong>Prado Ferreira<\/strong><br \/><strong>Presidente Castelo Branco<\/strong><br \/><strong>Quinta do Sol<\/strong><br \/><strong>Roncador<\/strong><br \/><strong>Rondon<\/strong><br \/><strong>Ros\u00e1rio do Ivai<\/strong><br \/><strong>Sarandi<\/strong><br \/><strong>Sab\u00e1udia<\/strong><br \/><strong>Santa F\u00e9<\/strong><br \/><strong>Santa Mariana<\/strong><br \/><strong>Santa In\u00eas<\/strong><br \/><strong>Santo In\u00e1cio<\/strong><br \/><strong>Santo Ant\u00f4nio do Caiu\u00e1<\/strong><br \/><strong>S\u00e3o Jo\u00e3o do Caiu\u00e1<\/strong><br \/><strong>S\u00e3o Jorge do Ival<\/strong><br \/><strong>Tamboara<\/strong><br \/><strong>Tapejara<\/strong><br \/><strong>Tel\u00eamaco Borba<\/strong><br \/><strong>Terra Roxa<\/strong><br \/><strong>Toledo<\/strong><br \/><strong>Tuneiras do Oeste<\/strong><br \/><strong>Ubirat\u00e3<\/strong><br \/><strong>Umuarama<\/strong><br \/><strong>Uniflor<\/strong><br \/><strong>Xambr\u00ea<\/strong><\/p>\t\t\t\t\t\t\t\t<\/div>\n\t\t\t\t<\/div>\n\t\t\t\t<\/div>\n\t\t\t\t\t<\/div>\n\t\t\t\t<\/div>\n\t\t<div class=\"elementor-element elementor-element-78b872e e-flex e-con-boxed e-con e-parent\" data-id=\"78b872e\" data-element_type=\"container\" data-e-type=\"container\">\n\t\t\t\t\t<div class=\"e-con-inner\">\n\t\t\t\t<div class=\"elementor-element elementor-element-08a8b42 elementor-widget elementor-widget-image\" data-id=\"08a8b42\" data-element_type=\"widget\" data-e-type=\"widget\" data-widget_type=\"image.default\">\n\t\t\t\t<div class=\"elementor-widget-container\">\n\t\t\t\t\t\t\t\t\t\t\t\t\t\t\t<img decoding=\"async\" width=\"768\" height=\"84\" src=\"https:\/\/soldadoadrianojose.com.br\/wp-content\/uploads\/2023\/11\/Copia-de-Copia-de-Copia-de-Banner-frete-gratis-para-sites-e-lojas-online-colorido-1280-\u00d7-140-px-768x84.png\" class=\"attachment-medium_large size-medium_large wp-image-1290\" alt=\"\" srcset=\"https:\/\/soldadoadrianojose.com.br\/wp-content\/uploads\/2023\/11\/Copia-de-Copia-de-Copia-de-Banner-frete-gratis-para-sites-e-lojas-online-colorido-1280-\u00d7-140-px-768x84.png 768w, https:\/\/soldadoadrianojose.com.br\/wp-content\/uploads\/2023\/11\/Copia-de-Copia-de-Copia-de-Banner-frete-gratis-para-sites-e-lojas-online-colorido-1280-\u00d7-140-px-300x33.png 300w, https:\/\/soldadoadrianojose.com.br\/wp-content\/uploads\/2023\/11\/Copia-de-Copia-de-Copia-de-Banner-frete-gratis-para-sites-e-lojas-online-colorido-1280-\u00d7-140-px-1024x112.png 1024w, https:\/\/soldadoadrianojose.com.br\/wp-content\/uploads\/2023\/11\/Copia-de-Copia-de-Copia-de-Banner-frete-gratis-para-sites-e-lojas-online-colorido-1280-\u00d7-140-px.png 1280w\" sizes=\"(max-width: 768px) 100vw, 768px\" \/>\t\t\t\t\t\t\t\t\t\t\t\t\t\t\t<\/div>\n\t\t\t\t<\/div>\n\t\t\t\t\t<\/div>\n\t\t\t\t<\/div>\n\t\t\t\t<\/div>\n\t\t","protected":false},"excerpt":{"rendered":"<p>MUNIC\u00cdPIOS DE ATUA\u00c7\u00c3O DO DEPUTADO \u00c2nguloAlmirante Tamandar\u00e9Alto ParaisoAlto Paran\u00e1Alto PiquiriAlt\u00f4niaApucaranaArapongasArarunaAstorgaAtalaiaBarbosa FerrazBoa Esperan\u00e7aBom SucessoBorrazopolisBrasil\u00e2ndia do SulCafearaCafezal do SulCaliforniaCambiraCampo Mour\u00e3oCascavelCatanduvasCentenario do SulCianorteClevel\u00e2ndiaColomboColoradoCorumbata\u00ed do SulCruzeiro do OesteCuri\u00favaDiamante do NorteDouradinaDoutor CamargoEngenheiro Beltr\u00e3oFaxinalF\u00eanixFloraiFlorestaFl\u00f3ridaFormosa do OesteFrancisco Alves Goioer\u00eaGuairaGuaira\u00e7\u00e1GuaraciGuarapuavaGuaratubaHon\u00f3rio SerpaIbipor\u00e3IcaraimaIguara\u00e7\u00faInaj\u00e1Indian\u00f3polisIpor\u00e3IretamaItaguaj\u00e9Itamb\u00e9Ita\u00fana do SulIvatubaJaguapit\u00e3Jandaia do SulJani\u00f3polisJapur\u00e1Jardim OlindaJataizinhoJussaraKalor\u00e9LoandaLobatoLondrinaLuizianaLupion\u00f3polisMambor\u00eaMandaguariMandagua\u00e7uMarialvaMarilenaMaring\u00e1Marip\u00e1MiradorMunhoz de MelloNossa Senhora das Gra\u00e7asNova CantuNova Esperan\u00e7aNova Londrina Novo ItacolomiOurizonaPai\u00e7anduPalotinaParaiso do NorteParanacityParanagu\u00e1ParanavaiPeabiruP\u00e9rolaPiraquaraPitangaPitangueirasPlanaltina do Paran\u00e1Pontal do Paran\u00e1PorecatuPorto RicoPrado [&hellip;]<\/p>\n","protected":false},"author":1,"featured_media":0,"parent":0,"menu_order":0,"comment_status":"closed","ping_status":"closed","template":"","meta":{"footnotes":""},"class_list":["post-1264","page","type-page","status-publish","hentry"],"yoast_head":"<!-- This site is optimized with the Yoast SEO plugin v27.4 - https:\/\/yoast.com\/product\/yoast-seo-wordpress\/ -->\n<title>MUNIC\u00cdPIOS - Deputado Adriano Jos\u00e9<\/title>\n<meta name=\"robots\" content=\"index, follow, max-snippet:-1, max-image-preview:large, max-video-preview:-1\" \/>\n<link rel=\"canonical\" href=\"https:\/\/soldadoadrianojose.com.br\/index.php\/municipios\/\" \/>\n<meta property=\"og:locale\" content=\"pt_BR\" \/>\n<meta property=\"og:type\" content=\"article\" \/>\n<meta property=\"og:title\" content=\"MUNIC\u00cdPIOS - Deputado Adriano Jos\u00e9\" \/>\n<meta property=\"og:description\" content=\"MUNIC\u00cdPIOS DE ATUA\u00c7\u00c3O DO DEPUTADO \u00c2nguloAlmirante Tamandar\u00e9Alto ParaisoAlto Paran\u00e1Alto PiquiriAlt\u00f4niaApucaranaArapongasArarunaAstorgaAtalaiaBarbosa FerrazBoa Esperan\u00e7aBom SucessoBorrazopolisBrasil\u00e2ndia do SulCafearaCafezal do SulCaliforniaCambiraCampo Mour\u00e3oCascavelCatanduvasCentenario do SulCianorteClevel\u00e2ndiaColomboColoradoCorumbata\u00ed do SulCruzeiro do OesteCuri\u00favaDiamante do NorteDouradinaDoutor CamargoEngenheiro Beltr\u00e3oFaxinalF\u00eanixFloraiFlorestaFl\u00f3ridaFormosa do OesteFrancisco Alves Goioer\u00eaGuairaGuaira\u00e7\u00e1GuaraciGuarapuavaGuaratubaHon\u00f3rio SerpaIbipor\u00e3IcaraimaIguara\u00e7\u00faInaj\u00e1Indian\u00f3polisIpor\u00e3IretamaItaguaj\u00e9Itamb\u00e9Ita\u00fana do SulIvatubaJaguapit\u00e3Jandaia do SulJani\u00f3polisJapur\u00e1Jardim OlindaJataizinhoJussaraKalor\u00e9LoandaLobatoLondrinaLuizianaLupion\u00f3polisMambor\u00eaMandaguariMandagua\u00e7uMarialvaMarilenaMaring\u00e1Marip\u00e1MiradorMunhoz de MelloNossa Senhora das Gra\u00e7asNova CantuNova Esperan\u00e7aNova Londrina Novo ItacolomiOurizonaPai\u00e7anduPalotinaParaiso do NorteParanacityParanagu\u00e1ParanavaiPeabiruP\u00e9rolaPiraquaraPitangaPitangueirasPlanaltina do Paran\u00e1Pontal do Paran\u00e1PorecatuPorto RicoPrado [&hellip;]\" \/>\n<meta property=\"og:url\" content=\"https:\/\/soldadoadrianojose.com.br\/index.php\/municipios\/\" \/>\n<meta property=\"og:site_name\" content=\"Deputado Adriano Jos\u00e9\" \/>\n<meta property=\"article:modified_time\" content=\"2024-11-12T23:03:41+00:00\" \/>\n<meta property=\"og:image\" content=\"https:\/\/soldadoadrianojose.com.br\/wp-content\/uploads\/2023\/11\/200milhoes-1024x768.png\" \/>\n<meta name=\"twitter:card\" content=\"summary_large_image\" \/>\n<meta name=\"twitter:label1\" content=\"Est. tempo de leitura\" \/>\n\t<meta name=\"twitter:data1\" content=\"2 minutos\" \/>\n<script type=\"application\/ld+json\" class=\"yoast-schema-graph\">{\"@context\":\"https:\\\/\\\/schema.org\",\"@graph\":[{\"@type\":\"WebPage\",\"@id\":\"https:\\\/\\\/soldadoadrianojose.com.br\\\/index.php\\\/municipios\\\/\",\"url\":\"https:\\\/\\\/soldadoadrianojose.com.br\\\/index.php\\\/municipios\\\/\",\"name\":\"MUNIC\u00cdPIOS - Deputado Adriano Jos\u00e9\",\"isPartOf\":{\"@id\":\"https:\\\/\\\/soldadoadrianojose.com.br\\\/#website\"},\"primaryImageOfPage\":{\"@id\":\"https:\\\/\\\/soldadoadrianojose.com.br\\\/index.php\\\/municipios\\\/#primaryimage\"},\"image\":{\"@id\":\"https:\\\/\\\/soldadoadrianojose.com.br\\\/index.php\\\/municipios\\\/#primaryimage\"},\"thumbnailUrl\":\"https:\\\/\\\/soldadoadrianojose.com.br\\\/wp-content\\\/uploads\\\/2023\\\/11\\\/200milhoes-1024x768.png\",\"datePublished\":\"2023-11-07T20:27:41+00:00\",\"dateModified\":\"2024-11-12T23:03:41+00:00\",\"breadcrumb\":{\"@id\":\"https:\\\/\\\/soldadoadrianojose.com.br\\\/index.php\\\/municipios\\\/#breadcrumb\"},\"inLanguage\":\"pt-BR\",\"potentialAction\":[{\"@type\":\"ReadAction\",\"target\":[\"https:\\\/\\\/soldadoadrianojose.com.br\\\/index.php\\\/municipios\\\/\"]}]},{\"@type\":\"ImageObject\",\"inLanguage\":\"pt-BR\",\"@id\":\"https:\\\/\\\/soldadoadrianojose.com.br\\\/index.php\\\/municipios\\\/#primaryimage\",\"url\":\"https:\\\/\\\/soldadoadrianojose.com.br\\\/wp-content\\\/uploads\\\/2023\\\/11\\\/200milhoes.png\",\"contentUrl\":\"https:\\\/\\\/soldadoadrianojose.com.br\\\/wp-content\\\/uploads\\\/2023\\\/11\\\/200milhoes.png\",\"width\":1890,\"height\":1417},{\"@type\":\"BreadcrumbList\",\"@id\":\"https:\\\/\\\/soldadoadrianojose.com.br\\\/index.php\\\/municipios\\\/#breadcrumb\",\"itemListElement\":[{\"@type\":\"ListItem\",\"position\":1,\"name\":\"In\u00edcio\",\"item\":\"https:\\\/\\\/soldadoadrianojose.com.br\\\/\"},{\"@type\":\"ListItem\",\"position\":2,\"name\":\"MUNIC\u00cdPIOS\"}]},{\"@type\":\"WebSite\",\"@id\":\"https:\\\/\\\/soldadoadrianojose.com.br\\\/#website\",\"url\":\"https:\\\/\\\/soldadoadrianojose.com.br\\\/\",\"name\":\"Deputado Adriano Jos\u00e9\",\"description\":\"Nosso trabalho \u00e9 pelas pessoas\",\"publisher\":{\"@id\":\"https:\\\/\\\/soldadoadrianojose.com.br\\\/#\\\/schema\\\/person\\\/16f8e8defb7a4bd6c6082efcd1bdb6bb\"},\"potentialAction\":[{\"@type\":\"SearchAction\",\"target\":{\"@type\":\"EntryPoint\",\"urlTemplate\":\"https:\\\/\\\/soldadoadrianojose.com.br\\\/?s={search_term_string}\"},\"query-input\":{\"@type\":\"PropertyValueSpecification\",\"valueRequired\":true,\"valueName\":\"search_term_string\"}}],\"inLanguage\":\"pt-BR\"},{\"@type\":[\"Person\",\"Organization\"],\"@id\":\"https:\\\/\\\/soldadoadrianojose.com.br\\\/#\\\/schema\\\/person\\\/16f8e8defb7a4bd6c6082efcd1bdb6bb\",\"name\":\"soldadoadrianojose\",\"image\":{\"@type\":\"ImageObject\",\"inLanguage\":\"pt-BR\",\"@id\":\"https:\\\/\\\/soldadoadrianojose.com.br\\\/wp-content\\\/uploads\\\/2023\\\/02\\\/LOGO_CLEAR-5.png\",\"url\":\"https:\\\/\\\/soldadoadrianojose.com.br\\\/wp-content\\\/uploads\\\/2023\\\/02\\\/LOGO_CLEAR-5.png\",\"contentUrl\":\"https:\\\/\\\/soldadoadrianojose.com.br\\\/wp-content\\\/uploads\\\/2023\\\/02\\\/LOGO_CLEAR-5.png\",\"width\":3508,\"height\":998,\"caption\":\"soldadoadrianojose\"},\"logo\":{\"@id\":\"https:\\\/\\\/soldadoadrianojose.com.br\\\/wp-content\\\/uploads\\\/2023\\\/02\\\/LOGO_CLEAR-5.png\"},\"sameAs\":[\"https:\\\/\\\/soldadoadrianojose.com.br\"]}]}<\/script>\n<!-- \/ Yoast SEO plugin. -->","yoast_head_json":{"title":"MUNIC\u00cdPIOS - Deputado Adriano Jos\u00e9","robots":{"index":"index","follow":"follow","max-snippet":"max-snippet:-1","max-image-preview":"max-image-preview:large","max-video-preview":"max-video-preview:-1"},"canonical":"https:\/\/soldadoadrianojose.com.br\/index.php\/municipios\/","og_locale":"pt_BR","og_type":"article","og_title":"MUNIC\u00cdPIOS - Deputado Adriano Jos\u00e9","og_description":"MUNIC\u00cdPIOS DE ATUA\u00c7\u00c3O DO DEPUTADO \u00c2nguloAlmirante Tamandar\u00e9Alto ParaisoAlto Paran\u00e1Alto PiquiriAlt\u00f4niaApucaranaArapongasArarunaAstorgaAtalaiaBarbosa FerrazBoa Esperan\u00e7aBom SucessoBorrazopolisBrasil\u00e2ndia do SulCafearaCafezal do SulCaliforniaCambiraCampo Mour\u00e3oCascavelCatanduvasCentenario do SulCianorteClevel\u00e2ndiaColomboColoradoCorumbata\u00ed do SulCruzeiro do OesteCuri\u00favaDiamante do NorteDouradinaDoutor CamargoEngenheiro Beltr\u00e3oFaxinalF\u00eanixFloraiFlorestaFl\u00f3ridaFormosa do OesteFrancisco Alves Goioer\u00eaGuairaGuaira\u00e7\u00e1GuaraciGuarapuavaGuaratubaHon\u00f3rio SerpaIbipor\u00e3IcaraimaIguara\u00e7\u00faInaj\u00e1Indian\u00f3polisIpor\u00e3IretamaItaguaj\u00e9Itamb\u00e9Ita\u00fana do SulIvatubaJaguapit\u00e3Jandaia do SulJani\u00f3polisJapur\u00e1Jardim OlindaJataizinhoJussaraKalor\u00e9LoandaLobatoLondrinaLuizianaLupion\u00f3polisMambor\u00eaMandaguariMandagua\u00e7uMarialvaMarilenaMaring\u00e1Marip\u00e1MiradorMunhoz de MelloNossa Senhora das Gra\u00e7asNova CantuNova Esperan\u00e7aNova Londrina Novo ItacolomiOurizonaPai\u00e7anduPalotinaParaiso do NorteParanacityParanagu\u00e1ParanavaiPeabiruP\u00e9rolaPiraquaraPitangaPitangueirasPlanaltina do Paran\u00e1Pontal do Paran\u00e1PorecatuPorto RicoPrado [&hellip;]","og_url":"https:\/\/soldadoadrianojose.com.br\/index.php\/municipios\/","og_site_name":"Deputado Adriano Jos\u00e9","article_modified_time":"2024-11-12T23:03:41+00:00","og_image":[{"url":"https:\/\/soldadoadrianojose.com.br\/wp-content\/uploads\/2023\/11\/200milhoes-1024x768.png","type":"","width":"","height":""}],"twitter_card":"summary_large_image","twitter_misc":{"Est. tempo de leitura":"2 minutos"},"schema":{"@context":"https:\/\/schema.org","@graph":[{"@type":"WebPage","@id":"https:\/\/soldadoadrianojose.com.br\/index.php\/municipios\/","url":"https:\/\/soldadoadrianojose.com.br\/index.php\/municipios\/","name":"MUNIC\u00cdPIOS - Deputado Adriano Jos\u00e9","isPartOf":{"@id":"https:\/\/soldadoadrianojose.com.br\/#website"},"primaryImageOfPage":{"@id":"https:\/\/soldadoadrianojose.com.br\/index.php\/municipios\/#primaryimage"},"image":{"@id":"https:\/\/soldadoadrianojose.com.br\/index.php\/municipios\/#primaryimage"},"thumbnailUrl":"https:\/\/soldadoadrianojose.com.br\/wp-content\/uploads\/2023\/11\/200milhoes-1024x768.png","datePublished":"2023-11-07T20:27:41+00:00","dateModified":"2024-11-12T23:03:41+00:00","breadcrumb":{"@id":"https:\/\/soldadoadrianojose.com.br\/index.php\/municipios\/#breadcrumb"},"inLanguage":"pt-BR","potentialAction":[{"@type":"ReadAction","target":["https:\/\/soldadoadrianojose.com.br\/index.php\/municipios\/"]}]},{"@type":"ImageObject","inLanguage":"pt-BR","@id":"https:\/\/soldadoadrianojose.com.br\/index.php\/municipios\/#primaryimage","url":"https:\/\/soldadoadrianojose.com.br\/wp-content\/uploads\/2023\/11\/200milhoes.png","contentUrl":"https:\/\/soldadoadrianojose.com.br\/wp-content\/uploads\/2023\/11\/200milhoes.png","width":1890,"height":1417},{"@type":"BreadcrumbList","@id":"https:\/\/soldadoadrianojose.com.br\/index.php\/municipios\/#breadcrumb","itemListElement":[{"@type":"ListItem","position":1,"name":"In\u00edcio","item":"https:\/\/soldadoadrianojose.com.br\/"},{"@type":"ListItem","position":2,"name":"MUNIC\u00cdPIOS"}]},{"@type":"WebSite","@id":"https:\/\/soldadoadrianojose.com.br\/#website","url":"https:\/\/soldadoadrianojose.com.br\/","name":"Deputado Adriano Jos\u00e9","description":"Nosso trabalho \u00e9 pelas pessoas","publisher":{"@id":"https:\/\/soldadoadrianojose.com.br\/#\/schema\/person\/16f8e8defb7a4bd6c6082efcd1bdb6bb"},"potentialAction":[{"@type":"SearchAction","target":{"@type":"EntryPoint","urlTemplate":"https:\/\/soldadoadrianojose.com.br\/?s={search_term_string}"},"query-input":{"@type":"PropertyValueSpecification","valueRequired":true,"valueName":"search_term_string"}}],"inLanguage":"pt-BR"},{"@type":["Person","Organization"],"@id":"https:\/\/soldadoadrianojose.com.br\/#\/schema\/person\/16f8e8defb7a4bd6c6082efcd1bdb6bb","name":"soldadoadrianojose","image":{"@type":"ImageObject","inLanguage":"pt-BR","@id":"https:\/\/soldadoadrianojose.com.br\/wp-content\/uploads\/2023\/02\/LOGO_CLEAR-5.png","url":"https:\/\/soldadoadrianojose.com.br\/wp-content\/uploads\/2023\/02\/LOGO_CLEAR-5.png","contentUrl":"https:\/\/soldadoadrianojose.com.br\/wp-content\/uploads\/2023\/02\/LOGO_CLEAR-5.png","width":3508,"height":998,"caption":"soldadoadrianojose"},"logo":{"@id":"https:\/\/soldadoadrianojose.com.br\/wp-content\/uploads\/2023\/02\/LOGO_CLEAR-5.png"},"sameAs":["https:\/\/soldadoadrianojose.com.br"]}]}},"_links":{"self":[{"href":"https:\/\/soldadoadrianojose.com.br\/index.php\/wp-json\/wp\/v2\/pages\/1264","targetHints":{"allow":["GET"]}}],"collection":[{"href":"https:\/\/soldadoadrianojose.com.br\/index.php\/wp-json\/wp\/v2\/pages"}],"about":[{"href":"https:\/\/soldadoadrianojose.com.br\/index.php\/wp-json\/wp\/v2\/types\/page"}],"author":[{"embeddable":true,"href":"https:\/\/soldadoadrianojose.com.br\/index.php\/wp-json\/wp\/v2\/users\/1"}],"replies":[{"embeddable":true,"href":"https:\/\/soldadoadrianojose.com.br\/index.php\/wp-json\/wp\/v2\/comments?post=1264"}],"version-history":[{"count":109,"href":"https:\/\/soldadoadrianojose.com.br\/index.php\/wp-json\/wp\/v2\/pages\/1264\/revisions"}],"predecessor-version":[{"id":2414,"href":"https:\/\/soldadoadrianojose.com.br\/index.php\/wp-json\/wp\/v2\/pages\/1264\/revisions\/2414"}],"wp:attachment":[{"href":"https:\/\/soldadoadrianojose.com.br\/index.php\/wp-json\/wp\/v2\/media?parent=1264"}],"curies":[{"name":"wp","href":"https:\/\/api.w.org\/{rel}","templated":true}]}}